{"id":4709,"date":"2025-03-20T11:41:50","date_gmt":"2025-03-20T11:41:50","guid":{"rendered":"https:\/\/www.europcarbikes.com\/como-funciona\/"},"modified":"2025-09-03T13:26:40","modified_gmt":"2025-09-03T13:26:40","slug":"so-funktioniert-es","status":"publish","type":"page","link":"https:\/\/www.europcarbikes.com\/de\/so-funktioniert-es\/","title":{"rendered":"So funktioniert es"},"content":{"rendered":"\t\t<div data-elementor-type=\"wp-page\" data-elementor-id=\"4709\" class=\"elementor elementor-4709 elementor-1553\">\n\t\t\t\t\t\t<section class=\"elementor-section elementor-top-section elementor-element elementor-element-d7b421c elementor-section-height-min-height elementor-section-boxed elementor-section-height-default elementor-section-items-middle\" data-id=\"d7b421c\" data-element_type=\"section\" data-e-type=\"section\" data-settings=\"{&quot;jet_parallax_layout_list&quot;:[{&quot;jet_parallax_layout_image&quot;:{&quot;url&quot;:&quot;&quot;,&quot;id&quot;:&quot;&quot;,&quot;size&quot;:&quot;&quot;},&quot;_id&quot;:&quot;d43cdb6&quot;,&quot;jet_parallax_layout_image_tablet&quot;:{&quot;url&quot;:&quot;&quot;,&quot;id&quot;:&quot;&quot;,&quot;size&quot;:&quot;&quot;},&quot;jet_parallax_layout_image_mobile&quot;:{&quot;url&quot;:&quot;&quot;,&quot;id&quot;:&quot;&quot;,&quot;size&quot;:&quot;&quot;},&quot;jet_parallax_layout_speed&quot;:{&quot;unit&quot;:&quot;%&quot;,&quot;size&quot;:&quot;50&quot;,&quot;sizes&quot;:[]},&quot;jet_parallax_layout_bg_x&quot;:&quot;50&quot;,&quot;jet_parallax_layout_bg_y&quot;:&quot;50&quot;,&quot;jet_parallax_layout_type&quot;:&quot;scroll&quot;,&quot;jet_parallax_layout_direction&quot;:&quot;1&quot;,&quot;jet_parallax_layout_fx_direction&quot;:null,&quot;jet_parallax_layout_z_index&quot;:&quot;&quot;,&quot;jet_parallax_layout_bg_x_tablet&quot;:&quot;&quot;,&quot;jet_parallax_layout_bg_x_mobile&quot;:&quot;&quot;,&quot;jet_parallax_layout_bg_y_tablet&quot;:&quot;&quot;,&quot;jet_parallax_layout_bg_y_mobile&quot;:&quot;&quot;,&quot;jet_parallax_layout_bg_size&quot;:&quot;auto&quot;,&quot;jet_parallax_layout_bg_size_tablet&quot;:&quot;&quot;,&quot;jet_parallax_layout_bg_size_mobile&quot;:&quot;&quot;,&quot;jet_parallax_layout_animation_prop&quot;:&quot;transform&quot;,&quot;jet_parallax_layout_on&quot;:[&quot;desktop&quot;,&quot;tablet&quot;]}],&quot;background_background&quot;:&quot;classic&quot;}\">\n\t\t\t\t\t\t\t<div class=\"elementor-background-overlay\"><\/div>\n\t\t\t\t\t\t\t<div class=\"elementor-container elementor-column-gap-no\">\n\t\t\t\t\t<div class=\"elementor-column elementor-col-100 elementor-top-column elementor-element elementor-element-6dc1f68\" data-id=\"6dc1f68\" data-element_type=\"column\" data-e-type=\"column\">\n\t\t\t<div class=\"elementor-widget-wrap elementor-element-populated\">\n\t\t\t\t\t\t<div class=\"elementor-element elementor-element-d4300ed elementor-widget elementor-widget-heading\" data-id=\"d4300ed\" data-element_type=\"widget\" data-e-type=\"widget\" data-widget_type=\"heading.default\">\n\t\t\t\t<div class=\"elementor-widget-container\">\n\t\t\t\t\t<h1 class=\"elementor-heading-title elementor-size-default\">So funktioniert es<\/h1>\t\t\t\t<\/div>\n\t\t\t\t<\/div>\n\t\t\t\t\t<\/div>\n\t\t<\/div>\n\t\t\t\t\t<\/div>\n\t\t<\/section>\n\t\t<div class=\"elementor-element elementor-element-ce51fe9 e-flex e-con-boxed e-con e-parent\" data-id=\"ce51fe9\" data-element_type=\"container\" data-e-type=\"container\" data-settings=\"{&quot;jet_parallax_layout_list&quot;:[]}\">\n\t\t\t\t\t<div class=\"e-con-inner\">\n\t\t<div class=\"elementor-element elementor-element-5a491d8 e-con-full e-flex e-con e-child\" data-id=\"5a491d8\" data-element_type=\"container\" data-e-type=\"container\" data-settings=\"{&quot;jet_parallax_layout_list&quot;:[]}\">\n\t\t\t\t<div class=\"elementor-element elementor-element-9069c80 elementor-widget elementor-widget-heading\" data-id=\"9069c80\" data-element_type=\"widget\" data-e-type=\"widget\" data-widget_type=\"heading.default\">\n\t\t\t\t<div class=\"elementor-widget-container\">\n\t\t\t\t\t<h2 class=\"elementor-heading-title elementor-size-default\">Welche Anforderungen gibt es, um ein Motorrad zu mieten?<\/h2>\t\t\t\t<\/div>\n\t\t\t\t<\/div>\n\t\t\t\t<\/div>\n\t\t<div class=\"elementor-element elementor-element-6831fa6 e-con-full e-flex e-con e-child\" data-id=\"6831fa6\" data-element_type=\"container\" data-e-type=\"container\" data-settings=\"{&quot;jet_parallax_layout_list&quot;:[]}\">\n\t\t\t\t<div class=\"elementor-element elementor-element-9acf365 elementor-widget elementor-widget-image\" data-id=\"9acf365\" data-element_type=\"widget\" data-e-type=\"widget\" data-widget_type=\"image.default\">\n\t\t\t\t<div class=\"elementor-widget-container\">\n\t\t\t\t\t\t\t\t\t\t\t\t\t\t\t<img fetchpriority=\"high\" decoding=\"async\" width=\"850\" height=\"500\" src=\"https:\/\/www.europcarbikes.com\/wp-content\/uploads\/2025\/03\/como-funciona.jpg\" class=\"attachment-large size-large wp-image-4710\" alt=\"como-funciona\" srcset=\"https:\/\/www.europcarbikes.com\/wp-content\/uploads\/2025\/03\/como-funciona.jpg 850w, https:\/\/www.europcarbikes.com\/wp-content\/uploads\/2025\/03\/como-funciona-300x176.jpg 300w, https:\/\/www.europcarbikes.com\/wp-content\/uploads\/2025\/03\/como-funciona-768x452.jpg 768w\" sizes=\"(max-width: 850px) 100vw, 850px\" \/>\t\t\t\t\t\t\t\t\t\t\t\t\t\t\t<\/div>\n\t\t\t\t<\/div>\n\t\t\t\t<div class=\"elementor-element elementor-element-2d839aa elementor-widget elementor-widget-text-editor\" data-id=\"2d839aa\" data-element_type=\"widget\" data-e-type=\"widget\" data-widget_type=\"text-editor.default\">\n\t\t\t\t<div class=\"elementor-widget-container\">\n\t\t\t\t\t\t\t\t\t<p>Ein Motorrad bei Europcar Bikes zu mieten ist einfach, schnell und 100% online.<\/p><p>Folgen Sie einfach diesen Schritten:<\/p><p>W\u00e4hlen Sie das Motorradmodell, das am besten zu Ihrer Reise passt. Wir haben verschiedene Optionen, von st\u00e4dtischen bis hin zu abenteuerlichen Modellen.<br \/>W\u00e4hlen Sie die Abhol- und R\u00fcckgabestation sowie die gew\u00fcnschten Daten und Uhrzeiten.<br \/>Schlie\u00dfen Sie die Reservierungsanfrage direkt auf dieser Seite ab.<\/p><p>Sobald Sie die Daten \u00fcbermittelt haben, best\u00e4tigt unser Team die Verf\u00fcgbarkeit des Motorrads f\u00fcr die angegebenen Daten und wir werden uns so schnell wie m\u00f6glich bei Ihnen melden.<\/p><p>Dann hei\u00dft es: Aufsteigen und losfahren!<\/p><p>Die Stra\u00dfe wartet auf Sie.<\/p>\t\t\t\t\t\t\t\t<\/div>\n\t\t\t\t<\/div>\n\t\t\t\t<\/div>\n\t\t\t\t\t<\/div>\n\t\t\t\t<\/div>\n\t\t<div class=\"elementor-element elementor-element-5701b83 e-flex e-con-boxed e-con e-parent\" data-id=\"5701b83\" data-element_type=\"container\" data-e-type=\"container\" data-settings=\"{&quot;jet_parallax_layout_list&quot;:[],&quot;background_background&quot;:&quot;classic&quot;}\">\n\t\t\t\t\t<div class=\"e-con-inner\">\n\t\t<div class=\"elementor-element elementor-element-61ebf94 e-con-full e-flex e-con e-child\" data-id=\"61ebf94\" data-element_type=\"container\" data-e-type=\"container\" data-settings=\"{&quot;jet_parallax_layout_list&quot;:[]}\">\n\t\t\t\t<div class=\"elementor-element elementor-element-90ce9b4 elementor-widget elementor-widget-heading\" data-id=\"90ce9b4\" data-element_type=\"widget\" data-e-type=\"widget\" data-widget_type=\"heading.default\">\n\t\t\t\t<div class=\"elementor-widget-container\">\n\t\t\t\t\t<h2 class=\"elementor-heading-title elementor-size-default\">Was ist im Mietpreis enthalten?<\/h2>\t\t\t\t<\/div>\n\t\t\t\t<\/div>\n\t\t\t\t<\/div>\n\t\t<div class=\"elementor-element elementor-element-2607bda e-con-full e-flex e-con e-child\" data-id=\"2607bda\" data-element_type=\"container\" data-e-type=\"container\" data-settings=\"{&quot;jet_parallax_layout_list&quot;:[]}\">\n\t\t\t\t<div class=\"elementor-element elementor-element-d89f1b2 elementor-position-inline-start elementor-mobile-position-inline-start elementor-view-default elementor-widget elementor-widget-icon-box\" data-id=\"d89f1b2\" data-element_type=\"widget\" data-e-type=\"widget\" data-widget_type=\"icon-box.default\">\n\t\t\t\t<div class=\"elementor-widget-container\">\n\t\t\t\t\t\t\t<div class=\"elementor-icon-box-wrapper\">\n\n\t\t\t\t\t\t<div class=\"elementor-icon-box-icon\">\n\t\t\t\t<span  class=\"elementor-icon\">\n\t\t\t\t<svg aria-hidden=\"true\" class=\"e-font-icon-svg e-fas-long-arrow-alt-right\" viewBox=\"0 0 448 512\" xmlns=\"http:\/\/www.w3.org\/2000\/svg\"><path d=\"M313.941 216H12c-6.627 0-12 5.373-12 12v56c0 6.627 5.373 12 12 12h301.941v46.059c0 21.382 25.851 32.09 40.971 16.971l86.059-86.059c9.373-9.373 9.373-24.569 0-33.941l-86.059-86.059c-15.119-15.119-40.971-4.411-40.971 16.971V216z\"><\/path><\/svg>\t\t\t\t<\/span>\n\t\t\t<\/div>\n\t\t\t\n\t\t\t\t\t\t<div class=\"elementor-icon-box-content\">\n\n\t\t\t\t\n\t\t\t\t\t\t\t\t\t<p class=\"elementor-icon-box-description\">\n\t\t\t\t\t\tMotorrad mit Haftpflichtversicherung\t\t\t\t\t<\/p>\n\t\t\t\t\n\t\t\t<\/div>\n\t\t\t\n\t\t<\/div>\n\t\t\t\t\t\t<\/div>\n\t\t\t\t<\/div>\n\t\t\t\t<div class=\"elementor-element elementor-element-d4cb655 elementor-position-inline-start elementor-mobile-position-inline-start elementor-view-default elementor-widget elementor-widget-icon-box\" data-id=\"d4cb655\" data-element_type=\"widget\" data-e-type=\"widget\" data-widget_type=\"icon-box.default\">\n\t\t\t\t<div class=\"elementor-widget-container\">\n\t\t\t\t\t\t\t<div class=\"elementor-icon-box-wrapper\">\n\n\t\t\t\t\t\t<div class=\"elementor-icon-box-icon\">\n\t\t\t\t<span  class=\"elementor-icon\">\n\t\t\t\t<svg aria-hidden=\"true\" class=\"e-font-icon-svg e-fas-long-arrow-alt-right\" viewBox=\"0 0 448 512\" xmlns=\"http:\/\/www.w3.org\/2000\/svg\"><path d=\"M313.941 216H12c-6.627 0-12 5.373-12 12v56c0 6.627 5.373 12 12 12h301.941v46.059c0 21.382 25.851 32.09 40.971 16.971l86.059-86.059c9.373-9.373 9.373-24.569 0-33.941l-86.059-86.059c-15.119-15.119-40.971-4.411-40.971 16.971V216z\"><\/path><\/svg>\t\t\t\t<\/span>\n\t\t\t<\/div>\n\t\t\t\n\t\t\t\t\t\t<div class=\"elementor-icon-box-content\">\n\n\t\t\t\t\n\t\t\t\t\t\t\t\t\t<p class=\"elementor-icon-box-description\">\n\t\t\t\t\t\tBegrenzte oder unbegrenzte Kilometerzahl (je nach Tarif)\t\t\t\t\t<\/p>\n\t\t\t\t\n\t\t\t<\/div>\n\t\t\t\n\t\t<\/div>\n\t\t\t\t\t\t<\/div>\n\t\t\t\t<\/div>\n\t\t\t\t<div class=\"elementor-element elementor-element-2b9e9d2 elementor-position-inline-start elementor-mobile-position-inline-start elementor-view-default elementor-widget elementor-widget-icon-box\" data-id=\"2b9e9d2\" data-element_type=\"widget\" data-e-type=\"widget\" data-widget_type=\"icon-box.default\">\n\t\t\t\t<div class=\"elementor-widget-container\">\n\t\t\t\t\t\t\t<div class=\"elementor-icon-box-wrapper\">\n\n\t\t\t\t\t\t<div class=\"elementor-icon-box-icon\">\n\t\t\t\t<span  class=\"elementor-icon\">\n\t\t\t\t<svg aria-hidden=\"true\" class=\"e-font-icon-svg e-fas-long-arrow-alt-right\" viewBox=\"0 0 448 512\" xmlns=\"http:\/\/www.w3.org\/2000\/svg\"><path d=\"M313.941 216H12c-6.627 0-12 5.373-12 12v56c0 6.627 5.373 12 12 12h301.941v46.059c0 21.382 25.851 32.09 40.971 16.971l86.059-86.059c9.373-9.373 9.373-24.569 0-33.941l-86.059-86.059c-15.119-15.119-40.971-4.411-40.971 16.971V216z\"><\/path><\/svg>\t\t\t\t<\/span>\n\t\t\t<\/div>\n\t\t\t\n\t\t\t\t\t\t<div class=\"elementor-icon-box-content\">\n\n\t\t\t\t\n\t\t\t\t\t\t\t\t\t<p class=\"elementor-icon-box-description\">\n\t\t\t\t\t\tPannen- und Notfallhilfe 24\/7\t\t\t\t\t<\/p>\n\t\t\t\t\n\t\t\t<\/div>\n\t\t\t\n\t\t<\/div>\n\t\t\t\t\t\t<\/div>\n\t\t\t\t<\/div>\n\t\t\t\t<div class=\"elementor-element elementor-element-d5f2d63 elementor-position-inline-start elementor-mobile-position-inline-start elementor-view-default elementor-widget elementor-widget-icon-box\" data-id=\"d5f2d63\" data-element_type=\"widget\" data-e-type=\"widget\" data-widget_type=\"icon-box.default\">\n\t\t\t\t<div class=\"elementor-widget-container\">\n\t\t\t\t\t\t\t<div class=\"elementor-icon-box-wrapper\">\n\n\t\t\t\t\t\t<div class=\"elementor-icon-box-icon\">\n\t\t\t\t<span  class=\"elementor-icon\">\n\t\t\t\t<svg aria-hidden=\"true\" class=\"e-font-icon-svg e-fas-long-arrow-alt-right\" viewBox=\"0 0 448 512\" xmlns=\"http:\/\/www.w3.org\/2000\/svg\"><path d=\"M313.941 216H12c-6.627 0-12 5.373-12 12v56c0 6.627 5.373 12 12 12h301.941v46.059c0 21.382 25.851 32.09 40.971 16.971l86.059-86.059c9.373-9.373 9.373-24.569 0-33.941l-86.059-86.059c-15.119-15.119-40.971-4.411-40.971 16.971V216z\"><\/path><\/svg>\t\t\t\t<\/span>\n\t\t\t<\/div>\n\t\t\t\n\t\t\t\t\t\t<div class=\"elementor-icon-box-content\">\n\n\t\t\t\t\n\t\t\t\t\t\t\t\t\t<p class=\"elementor-icon-box-description\">\n\t\t\t\t\t\t1 Helm (zugelassenes Modell)\t\t\t\t\t<\/p>\n\t\t\t\t\n\t\t\t<\/div>\n\t\t\t\n\t\t<\/div>\n\t\t\t\t\t\t<\/div>\n\t\t\t\t<\/div>\n\t\t\t\t<div class=\"elementor-element elementor-element-50d2a6b elementor-position-inline-start elementor-mobile-position-inline-start elementor-view-default elementor-widget elementor-widget-icon-box\" data-id=\"50d2a6b\" data-element_type=\"widget\" data-e-type=\"widget\" data-widget_type=\"icon-box.default\">\n\t\t\t\t<div class=\"elementor-widget-container\">\n\t\t\t\t\t\t\t<div class=\"elementor-icon-box-wrapper\">\n\n\t\t\t\t\t\t<div class=\"elementor-icon-box-icon\">\n\t\t\t\t<span  class=\"elementor-icon\">\n\t\t\t\t<svg aria-hidden=\"true\" class=\"e-font-icon-svg e-fas-long-arrow-alt-right\" viewBox=\"0 0 448 512\" xmlns=\"http:\/\/www.w3.org\/2000\/svg\"><path d=\"M313.941 216H12c-6.627 0-12 5.373-12 12v56c0 6.627 5.373 12 12 12h301.941v46.059c0 21.382 25.851 32.09 40.971 16.971l86.059-86.059c9.373-9.373 9.373-24.569 0-33.941l-86.059-86.059c-15.119-15.119-40.971-4.411-40.971 16.971V216z\"><\/path><\/svg>\t\t\t\t<\/span>\n\t\t\t<\/div>\n\t\t\t\n\t\t\t\t\t\t<div class=\"elementor-icon-box-content\">\n\n\t\t\t\t\n\t\t\t\t\t\t\t\t\t<p class=\"elementor-icon-box-description\">\n\t\t\t\t\t\tExtras wie Topcase, zweiter Helm oder GPS k\u00f6nnen w\u00e4hrend der Buchung hinzugef\u00fcgt werden.\t\t\t\t\t<\/p>\n\t\t\t\t\n\t\t\t<\/div>\n\t\t\t\n\t\t<\/div>\n\t\t\t\t\t\t<\/div>\n\t\t\t\t<\/div>\n\t\t\t\t<\/div>\n\t\t\t\t\t<\/div>\n\t\t\t\t<\/div>\n\t\t<div class=\"elementor-element elementor-element-6e16d3e e-flex e-con-boxed e-con e-parent\" data-id=\"6e16d3e\" data-element_type=\"container\" data-e-type=\"container\" data-settings=\"{&quot;jet_parallax_layout_list&quot;:[]}\">\n\t\t\t\t\t<div class=\"e-con-inner\">\n\t\t<div class=\"elementor-element elementor-element-ef06faa e-con-full e-flex e-con e-child\" data-id=\"ef06faa\" data-element_type=\"container\" data-e-type=\"container\" data-settings=\"{&quot;jet_parallax_layout_list&quot;:[]}\">\n\t\t\t\t<div class=\"elementor-element elementor-element-abf60a5 elementor-widget elementor-widget-heading\" data-id=\"abf60a5\" data-element_type=\"widget\" data-e-type=\"widget\" data-widget_type=\"heading.default\">\n\t\t\t\t<div class=\"elementor-widget-container\">\n\t\t\t\t\t<h2 class=\"elementor-heading-title elementor-size-default\">Welche Voraussetzungen gibt es, um ein Motorrad zu mieten?\n<\/h2>\t\t\t\t<\/div>\n\t\t\t\t<\/div>\n\t\t\t\t<\/div>\n\t\t<div class=\"elementor-element elementor-element-11461ca e-con-full e-flex e-con e-child\" data-id=\"11461ca\" data-element_type=\"container\" data-e-type=\"container\" data-settings=\"{&quot;jet_parallax_layout_list&quot;:[]}\">\n\t\t\t\t<div class=\"elementor-element elementor-element-ac72992 elementor-widget elementor-widget-text-editor\" data-id=\"ac72992\" data-element_type=\"widget\" data-e-type=\"widget\" data-widget_type=\"text-editor.default\">\n\t\t\t\t<div class=\"elementor-widget-container\">\n\t\t\t\t\t\t\t\t\t<p data-start=\"0\" data-end=\"19\">Sie m\u00fcssen haben:<\/p><ul><li data-start=\"21\" data-end=\"246\">\u00dcber 19 Jahre alt sein;<\/li><li data-start=\"21\" data-end=\"246\">G\u00fcltigen F\u00fchrerschein, passend zur Hubraumklasse des Motorrads, seit mindestens einem Jahr;<\/li><li data-start=\"21\" data-end=\"246\">G\u00fcltiges Ausweisdokument (Personalausweis oder Reisepass);<\/li><li data-start=\"21\" data-end=\"246\">Kreditkarte f\u00fcr die Kaution (verpflichtend).<\/li><\/ul>\t\t\t\t\t\t\t\t<\/div>\n\t\t\t\t<\/div>\n\t\t\t\t<\/div>\n\t\t\t\t\t<\/div>\n\t\t\t\t<\/div>\n\t\t\t\t<\/div>\n\t\t","protected":false},"excerpt":{"rendered":"<p>So funktioniert es Welche Anforderungen gibt es, um ein Motorrad zu mieten? Ein Motorrad bei Europcar Bikes zu mieten ist einfach, schnell und 100% online. Folgen Sie einfach diesen Schritten: W\u00e4hlen Sie das Motorradmodell, das am besten zu Ihrer Reise passt. Wir haben verschiedene Optionen, von st\u00e4dtischen bis hin zu abenteuerlichen Modellen.W\u00e4hlen Sie die Abhol- [&hellip;]<\/p>\n","protected":false},"author":1,"featured_media":0,"parent":0,"menu_order":0,"comment_status":"closed","ping_status":"closed","template":"full-width.php","meta":{"_acf_changed":false,"footnotes":""},"class_list":["post-4709","page","type-page","status-publish","hentry"],"acf":[],"yoast_head":"<!-- This site is optimized with the Yoast SEO plugin v27.5 - https:\/\/yoast.com\/product\/yoast-seo-wordpress\/ -->\n<title>So funktioniert es - Europcarbikes<\/title>\n<meta name=\"robots\" content=\"index, follow, max-snippet:-1, max-image-preview:large, max-video-preview:-1\" \/>\n<link rel=\"canonical\" href=\"https:\/\/www.europcarbikes.com\/de\/so-funktioniert-es\/\" \/>\n<meta property=\"og:locale\" content=\"de_DE\" \/>\n<meta property=\"og:type\" content=\"article\" \/>\n<meta property=\"og:title\" content=\"So funktioniert es - Europcarbikes\" \/>\n<meta property=\"og:description\" content=\"So funktioniert es Welche Anforderungen gibt es, um ein Motorrad zu mieten? Ein Motorrad bei Europcar Bikes zu mieten ist einfach, schnell und 100% online. Folgen Sie einfach diesen Schritten: W\u00e4hlen Sie das Motorradmodell, das am besten zu Ihrer Reise passt. Wir haben verschiedene Optionen, von st\u00e4dtischen bis hin zu abenteuerlichen Modellen.W\u00e4hlen Sie die Abhol- [&hellip;]\" \/>\n<meta property=\"og:url\" content=\"https:\/\/www.europcarbikes.com\/de\/so-funktioniert-es\/\" \/>\n<meta property=\"og:site_name\" content=\"Europcarbikes\" \/>\n<meta property=\"article:modified_time\" content=\"2025-09-03T13:26:40+00:00\" \/>\n<meta property=\"og:image\" content=\"https:\/\/www.europcarbikes.com\/wp-content\/uploads\/2025\/03\/como-funciona.jpg\" \/>\n\t<meta property=\"og:image:width\" content=\"850\" \/>\n\t<meta property=\"og:image:height\" content=\"500\" \/>\n\t<meta property=\"og:image:type\" content=\"image\/jpeg\" \/>\n<meta name=\"twitter:card\" content=\"summary_large_image\" \/>\n<meta name=\"twitter:label1\" content=\"Gesch\u00e4tzte Lesezeit\" \/>\n\t<meta name=\"twitter:data1\" content=\"2\u00a0Minuten\" \/>\n<script type=\"application\/ld+json\" class=\"yoast-schema-graph\">{\"@context\":\"https:\\\/\\\/schema.org\",\"@graph\":[{\"@type\":\"WebPage\",\"@id\":\"https:\\\/\\\/www.europcarbikes.com\\\/de\\\/so-funktioniert-es\\\/\",\"url\":\"https:\\\/\\\/www.europcarbikes.com\\\/de\\\/so-funktioniert-es\\\/\",\"name\":\"So funktioniert es - Europcarbikes\",\"isPartOf\":{\"@id\":\"https:\\\/\\\/www.europcarbikes.com\\\/de\\\/#website\"},\"primaryImageOfPage\":{\"@id\":\"https:\\\/\\\/www.europcarbikes.com\\\/de\\\/so-funktioniert-es\\\/#primaryimage\"},\"image\":{\"@id\":\"https:\\\/\\\/www.europcarbikes.com\\\/de\\\/so-funktioniert-es\\\/#primaryimage\"},\"thumbnailUrl\":\"https:\\\/\\\/www.europcarbikes.com\\\/wp-content\\\/uploads\\\/2025\\\/03\\\/como-funciona.jpg\",\"datePublished\":\"2025-03-20T11:41:50+00:00\",\"dateModified\":\"2025-09-03T13:26:40+00:00\",\"breadcrumb\":{\"@id\":\"https:\\\/\\\/www.europcarbikes.com\\\/de\\\/so-funktioniert-es\\\/#breadcrumb\"},\"inLanguage\":\"de\",\"potentialAction\":[{\"@type\":\"ReadAction\",\"target\":[\"https:\\\/\\\/www.europcarbikes.com\\\/de\\\/so-funktioniert-es\\\/\"]}]},{\"@type\":\"ImageObject\",\"inLanguage\":\"de\",\"@id\":\"https:\\\/\\\/www.europcarbikes.com\\\/de\\\/so-funktioniert-es\\\/#primaryimage\",\"url\":\"https:\\\/\\\/www.europcarbikes.com\\\/wp-content\\\/uploads\\\/2025\\\/03\\\/como-funciona.jpg\",\"contentUrl\":\"https:\\\/\\\/www.europcarbikes.com\\\/wp-content\\\/uploads\\\/2025\\\/03\\\/como-funciona.jpg\"},{\"@type\":\"BreadcrumbList\",\"@id\":\"https:\\\/\\\/www.europcarbikes.com\\\/de\\\/so-funktioniert-es\\\/#breadcrumb\",\"itemListElement\":[{\"@type\":\"ListItem\",\"position\":1,\"name\":\"Home\",\"item\":\"https:\\\/\\\/www.europcarbikes.com\\\/de\\\/\"},{\"@type\":\"ListItem\",\"position\":2,\"name\":\"So funktioniert es\"}]},{\"@type\":\"WebSite\",\"@id\":\"https:\\\/\\\/www.europcarbikes.com\\\/de\\\/#website\",\"url\":\"https:\\\/\\\/www.europcarbikes.com\\\/de\\\/\",\"name\":\"Europcarbikes\",\"description\":\"As melhores motos ao melhor pre\u00e7o,\",\"publisher\":{\"@id\":\"https:\\\/\\\/www.europcarbikes.com\\\/de\\\/#organization\"},\"potentialAction\":[{\"@type\":\"SearchAction\",\"target\":{\"@type\":\"EntryPoint\",\"urlTemplate\":\"https:\\\/\\\/www.europcarbikes.com\\\/de\\\/?s={search_term_string}\"},\"query-input\":{\"@type\":\"PropertyValueSpecification\",\"valueRequired\":true,\"valueName\":\"search_term_string\"}}],\"inLanguage\":\"de\"},{\"@type\":\"Organization\",\"@id\":\"https:\\\/\\\/www.europcarbikes.com\\\/de\\\/#organization\",\"name\":\"Europcarbikes\",\"url\":\"https:\\\/\\\/www.europcarbikes.com\\\/de\\\/\",\"logo\":{\"@type\":\"ImageObject\",\"inLanguage\":\"de\",\"@id\":\"https:\\\/\\\/www.europcarbikes.com\\\/de\\\/#\\\/schema\\\/logo\\\/image\\\/\",\"url\":\"https:\\\/\\\/www.europcarbikes.com\\\/wp-content\\\/uploads\\\/2025\\\/03\\\/cropped-Europcarbikes_favico.jpg\",\"contentUrl\":\"https:\\\/\\\/www.europcarbikes.com\\\/wp-content\\\/uploads\\\/2025\\\/03\\\/cropped-Europcarbikes_favico.jpg\",\"width\":512,\"height\":512,\"caption\":\"Europcarbikes\"},\"image\":{\"@id\":\"https:\\\/\\\/www.europcarbikes.com\\\/de\\\/#\\\/schema\\\/logo\\\/image\\\/\"}}]}<\/script>\n<!-- \/ Yoast SEO plugin. -->","yoast_head_json":{"title":"So funktioniert es - Europcarbikes","robots":{"index":"index","follow":"follow","max-snippet":"max-snippet:-1","max-image-preview":"max-image-preview:large","max-video-preview":"max-video-preview:-1"},"canonical":"https:\/\/www.europcarbikes.com\/de\/so-funktioniert-es\/","og_locale":"de_DE","og_type":"article","og_title":"So funktioniert es - Europcarbikes","og_description":"So funktioniert es Welche Anforderungen gibt es, um ein Motorrad zu mieten? Ein Motorrad bei Europcar Bikes zu mieten ist einfach, schnell und 100% online. Folgen Sie einfach diesen Schritten: W\u00e4hlen Sie das Motorradmodell, das am besten zu Ihrer Reise passt. Wir haben verschiedene Optionen, von st\u00e4dtischen bis hin zu abenteuerlichen Modellen.W\u00e4hlen Sie die Abhol- [&hellip;]","og_url":"https:\/\/www.europcarbikes.com\/de\/so-funktioniert-es\/","og_site_name":"Europcarbikes","article_modified_time":"2025-09-03T13:26:40+00:00","og_image":[{"width":850,"height":500,"url":"https:\/\/www.europcarbikes.com\/wp-content\/uploads\/2025\/03\/como-funciona.jpg","type":"image\/jpeg"}],"twitter_card":"summary_large_image","twitter_misc":{"Gesch\u00e4tzte Lesezeit":"2\u00a0Minuten"},"schema":{"@context":"https:\/\/schema.org","@graph":[{"@type":"WebPage","@id":"https:\/\/www.europcarbikes.com\/de\/so-funktioniert-es\/","url":"https:\/\/www.europcarbikes.com\/de\/so-funktioniert-es\/","name":"So funktioniert es - Europcarbikes","isPartOf":{"@id":"https:\/\/www.europcarbikes.com\/de\/#website"},"primaryImageOfPage":{"@id":"https:\/\/www.europcarbikes.com\/de\/so-funktioniert-es\/#primaryimage"},"image":{"@id":"https:\/\/www.europcarbikes.com\/de\/so-funktioniert-es\/#primaryimage"},"thumbnailUrl":"https:\/\/www.europcarbikes.com\/wp-content\/uploads\/2025\/03\/como-funciona.jpg","datePublished":"2025-03-20T11:41:50+00:00","dateModified":"2025-09-03T13:26:40+00:00","breadcrumb":{"@id":"https:\/\/www.europcarbikes.com\/de\/so-funktioniert-es\/#breadcrumb"},"inLanguage":"de","potentialAction":[{"@type":"ReadAction","target":["https:\/\/www.europcarbikes.com\/de\/so-funktioniert-es\/"]}]},{"@type":"ImageObject","inLanguage":"de","@id":"https:\/\/www.europcarbikes.com\/de\/so-funktioniert-es\/#primaryimage","url":"https:\/\/www.europcarbikes.com\/wp-content\/uploads\/2025\/03\/como-funciona.jpg","contentUrl":"https:\/\/www.europcarbikes.com\/wp-content\/uploads\/2025\/03\/como-funciona.jpg"},{"@type":"BreadcrumbList","@id":"https:\/\/www.europcarbikes.com\/de\/so-funktioniert-es\/#breadcrumb","itemListElement":[{"@type":"ListItem","position":1,"name":"Home","item":"https:\/\/www.europcarbikes.com\/de\/"},{"@type":"ListItem","position":2,"name":"So funktioniert es"}]},{"@type":"WebSite","@id":"https:\/\/www.europcarbikes.com\/de\/#website","url":"https:\/\/www.europcarbikes.com\/de\/","name":"Europcarbikes","description":"As melhores motos ao melhor pre\u00e7o,","publisher":{"@id":"https:\/\/www.europcarbikes.com\/de\/#organization"},"potentialAction":[{"@type":"SearchAction","target":{"@type":"EntryPoint","urlTemplate":"https:\/\/www.europcarbikes.com\/de\/?s={search_term_string}"},"query-input":{"@type":"PropertyValueSpecification","valueRequired":true,"valueName":"search_term_string"}}],"inLanguage":"de"},{"@type":"Organization","@id":"https:\/\/www.europcarbikes.com\/de\/#organization","name":"Europcarbikes","url":"https:\/\/www.europcarbikes.com\/de\/","logo":{"@type":"ImageObject","inLanguage":"de","@id":"https:\/\/www.europcarbikes.com\/de\/#\/schema\/logo\/image\/","url":"https:\/\/www.europcarbikes.com\/wp-content\/uploads\/2025\/03\/cropped-Europcarbikes_favico.jpg","contentUrl":"https:\/\/www.europcarbikes.com\/wp-content\/uploads\/2025\/03\/cropped-Europcarbikes_favico.jpg","width":512,"height":512,"caption":"Europcarbikes"},"image":{"@id":"https:\/\/www.europcarbikes.com\/de\/#\/schema\/logo\/image\/"}}]}},"_links":{"self":[{"href":"https:\/\/www.europcarbikes.com\/de\/wp-json\/wp\/v2\/pages\/4709","targetHints":{"allow":["GET"]}}],"collection":[{"href":"https:\/\/www.europcarbikes.com\/de\/wp-json\/wp\/v2\/pages"}],"about":[{"href":"https:\/\/www.europcarbikes.com\/de\/wp-json\/wp\/v2\/types\/page"}],"author":[{"embeddable":true,"href":"https:\/\/www.europcarbikes.com\/de\/wp-json\/wp\/v2\/users\/1"}],"replies":[{"embeddable":true,"href":"https:\/\/www.europcarbikes.com\/de\/wp-json\/wp\/v2\/comments?post=4709"}],"version-history":[{"count":4,"href":"https:\/\/www.europcarbikes.com\/de\/wp-json\/wp\/v2\/pages\/4709\/revisions"}],"predecessor-version":[{"id":4825,"href":"https:\/\/www.europcarbikes.com\/de\/wp-json\/wp\/v2\/pages\/4709\/revisions\/4825"}],"wp:attachment":[{"href":"https:\/\/www.europcarbikes.com\/de\/wp-json\/wp\/v2\/media?parent=4709"}],"curies":[{"name":"wp","href":"https:\/\/api.w.org\/{rel}","templated":true}]}}