{"id":3898,"date":"2025-03-20T11:41:50","date_gmt":"2025-03-20T11:41:50","guid":{"rendered":"https:\/\/www.europcarbikes.com\/como-funciona\/"},"modified":"2025-09-03T13:36:00","modified_gmt":"2025-09-03T13:36:00","slug":"comment-ca-marche","status":"publish","type":"page","link":"https:\/\/www.europcarbikes.com\/fr\/comment-ca-marche\/","title":{"rendered":"Comment \u00e7a marche"},"content":{"rendered":"\t\t<div data-elementor-type=\"wp-page\" data-elementor-id=\"3898\" class=\"elementor elementor-3898 elementor-1553\">\n\t\t\t\t\t\t<section class=\"elementor-section elementor-top-section elementor-element elementor-element-d7b421c elementor-section-height-min-height elementor-section-boxed elementor-section-height-default elementor-section-items-middle\" data-id=\"d7b421c\" data-element_type=\"section\" data-e-type=\"section\" data-settings=\"{&quot;jet_parallax_layout_list&quot;:[{&quot;jet_parallax_layout_image&quot;:{&quot;url&quot;:&quot;&quot;,&quot;id&quot;:&quot;&quot;,&quot;size&quot;:&quot;&quot;},&quot;_id&quot;:&quot;d43cdb6&quot;,&quot;jet_parallax_layout_image_tablet&quot;:{&quot;url&quot;:&quot;&quot;,&quot;id&quot;:&quot;&quot;,&quot;size&quot;:&quot;&quot;},&quot;jet_parallax_layout_image_mobile&quot;:{&quot;url&quot;:&quot;&quot;,&quot;id&quot;:&quot;&quot;,&quot;size&quot;:&quot;&quot;},&quot;jet_parallax_layout_speed&quot;:{&quot;unit&quot;:&quot;%&quot;,&quot;size&quot;:&quot;50&quot;,&quot;sizes&quot;:[]},&quot;jet_parallax_layout_bg_x&quot;:&quot;50&quot;,&quot;jet_parallax_layout_bg_y&quot;:&quot;50&quot;,&quot;jet_parallax_layout_type&quot;:&quot;scroll&quot;,&quot;jet_parallax_layout_direction&quot;:&quot;1&quot;,&quot;jet_parallax_layout_fx_direction&quot;:null,&quot;jet_parallax_layout_z_index&quot;:&quot;&quot;,&quot;jet_parallax_layout_bg_x_tablet&quot;:&quot;&quot;,&quot;jet_parallax_layout_bg_x_mobile&quot;:&quot;&quot;,&quot;jet_parallax_layout_bg_y_tablet&quot;:&quot;&quot;,&quot;jet_parallax_layout_bg_y_mobile&quot;:&quot;&quot;,&quot;jet_parallax_layout_bg_size&quot;:&quot;auto&quot;,&quot;jet_parallax_layout_bg_size_tablet&quot;:&quot;&quot;,&quot;jet_parallax_layout_bg_size_mobile&quot;:&quot;&quot;,&quot;jet_parallax_layout_animation_prop&quot;:&quot;transform&quot;,&quot;jet_parallax_layout_on&quot;:[&quot;desktop&quot;,&quot;tablet&quot;]}],&quot;background_background&quot;:&quot;classic&quot;}\">\n\t\t\t\t\t\t\t<div class=\"elementor-background-overlay\"><\/div>\n\t\t\t\t\t\t\t<div class=\"elementor-container elementor-column-gap-no\">\n\t\t\t\t\t<div class=\"elementor-column elementor-col-100 elementor-top-column elementor-element elementor-element-6dc1f68\" data-id=\"6dc1f68\" data-element_type=\"column\" data-e-type=\"column\">\n\t\t\t<div class=\"elementor-widget-wrap elementor-element-populated\">\n\t\t\t\t\t\t<div class=\"elementor-element elementor-element-d4300ed elementor-widget elementor-widget-heading\" data-id=\"d4300ed\" data-element_type=\"widget\" data-e-type=\"widget\" data-widget_type=\"heading.default\">\n\t\t\t\t<div class=\"elementor-widget-container\">\n\t\t\t\t\t<h1 class=\"elementor-heading-title elementor-size-default\">Comment \u00e7a marche<\/h1>\t\t\t\t<\/div>\n\t\t\t\t<\/div>\n\t\t\t\t\t<\/div>\n\t\t<\/div>\n\t\t\t\t\t<\/div>\n\t\t<\/section>\n\t\t<div class=\"elementor-element elementor-element-ce51fe9 e-flex e-con-boxed e-con e-parent\" data-id=\"ce51fe9\" data-element_type=\"container\" data-e-type=\"container\" data-settings=\"{&quot;jet_parallax_layout_list&quot;:[]}\">\n\t\t\t\t\t<div class=\"e-con-inner\">\n\t\t<div class=\"elementor-element elementor-element-5a491d8 e-con-full e-flex e-con e-child\" data-id=\"5a491d8\" data-element_type=\"container\" data-e-type=\"container\" data-settings=\"{&quot;jet_parallax_layout_list&quot;:[]}\">\n\t\t\t\t<div class=\"elementor-element elementor-element-9069c80 elementor-widget elementor-widget-heading\" data-id=\"9069c80\" data-element_type=\"widget\" data-e-type=\"widget\" data-widget_type=\"heading.default\">\n\t\t\t\t<div class=\"elementor-widget-container\">\n\t\t\t\t\t<h2 class=\"elementor-heading-title elementor-size-default\">Quels sont les pr\u00e9requis pour louer une moto ?<\/h2>\t\t\t\t<\/div>\n\t\t\t\t<\/div>\n\t\t\t\t<\/div>\n\t\t<div class=\"elementor-element elementor-element-6831fa6 e-con-full e-flex e-con e-child\" data-id=\"6831fa6\" data-element_type=\"container\" data-e-type=\"container\" data-settings=\"{&quot;jet_parallax_layout_list&quot;:[]}\">\n\t\t\t\t<div class=\"elementor-element elementor-element-9acf365 elementor-widget elementor-widget-image\" data-id=\"9acf365\" data-element_type=\"widget\" data-e-type=\"widget\" data-widget_type=\"image.default\">\n\t\t\t\t<div class=\"elementor-widget-container\">\n\t\t\t\t\t\t\t\t\t\t\t\t\t\t\t<img fetchpriority=\"high\" decoding=\"async\" width=\"850\" height=\"500\" src=\"https:\/\/www.europcarbikes.com\/wp-content\/uploads\/2025\/03\/como-funciona.jpg\" class=\"attachment-large size-large wp-image-1557\" alt=\"como-funciona\" srcset=\"https:\/\/www.europcarbikes.com\/wp-content\/uploads\/2025\/03\/como-funciona.jpg 850w, https:\/\/www.europcarbikes.com\/wp-content\/uploads\/2025\/03\/como-funciona-300x176.jpg 300w, https:\/\/www.europcarbikes.com\/wp-content\/uploads\/2025\/03\/como-funciona-768x452.jpg 768w\" sizes=\"(max-width: 850px) 100vw, 850px\" \/>\t\t\t\t\t\t\t\t\t\t\t\t\t\t\t<\/div>\n\t\t\t\t<\/div>\n\t\t\t\t<div class=\"elementor-element elementor-element-2d839aa elementor-widget elementor-widget-text-editor\" data-id=\"2d839aa\" data-element_type=\"widget\" data-e-type=\"widget\" data-widget_type=\"text-editor.default\">\n\t\t\t\t<div class=\"elementor-widget-container\">\n\t\t\t\t\t\t\t\t\t<p>Louer une moto avec Europcar Bikes est simple, rapide et 100 % en ligne. Il suffit de suivre ces \u00e9tapes :<\/p><ol><li>Choisissez le mod\u00e8le de moto qui convient le mieux \u00e0 votre voyage. Nous avons plusieurs options, des plus urbaines aux plus aventureuses.<\/li><li>S\u00e9lectionnez la station de retrait et de restitution, ainsi que les dates et heures souhait\u00e9es.<\/li><li>Finalisez la demande de r\u00e9servation directement sur cette page.<\/li><li>D\u00e8s que vous soumettez vos informations, notre \u00e9quipe confirmera la disponibilit\u00e9 de la moto pour les dates indiqu\u00e9es et vous contactera dans les plus brefs d\u00e9lais.<\/li><\/ol><p>Ensuite, il suffit de monter en selle et de partir ! La route vous attend.<\/p>\t\t\t\t\t\t\t\t<\/div>\n\t\t\t\t<\/div>\n\t\t\t\t<\/div>\n\t\t\t\t\t<\/div>\n\t\t\t\t<\/div>\n\t\t<div class=\"elementor-element elementor-element-5701b83 e-flex e-con-boxed e-con e-parent\" data-id=\"5701b83\" data-element_type=\"container\" data-e-type=\"container\" data-settings=\"{&quot;jet_parallax_layout_list&quot;:[],&quot;background_background&quot;:&quot;classic&quot;}\">\n\t\t\t\t\t<div class=\"e-con-inner\">\n\t\t<div class=\"elementor-element elementor-element-61ebf94 e-con-full e-flex e-con e-child\" data-id=\"61ebf94\" data-element_type=\"container\" data-e-type=\"container\" data-settings=\"{&quot;jet_parallax_layout_list&quot;:[]}\">\n\t\t\t\t<div class=\"elementor-element elementor-element-90ce9b4 elementor-widget elementor-widget-heading\" data-id=\"90ce9b4\" data-element_type=\"widget\" data-e-type=\"widget\" data-widget_type=\"heading.default\">\n\t\t\t\t<div class=\"elementor-widget-container\">\n\t\t\t\t\t<h2 class=\"elementor-heading-title elementor-size-default\">Qu'est-ce qui est inclus dans la location ?<\/h2>\t\t\t\t<\/div>\n\t\t\t\t<\/div>\n\t\t\t\t<\/div>\n\t\t<div class=\"elementor-element elementor-element-2607bda e-con-full e-flex e-con e-child\" data-id=\"2607bda\" data-element_type=\"container\" data-e-type=\"container\" data-settings=\"{&quot;jet_parallax_layout_list&quot;:[]}\">\n\t\t\t\t<div class=\"elementor-element elementor-element-d89f1b2 elementor-position-inline-start elementor-mobile-position-inline-start elementor-view-default elementor-widget elementor-widget-icon-box\" data-id=\"d89f1b2\" data-element_type=\"widget\" data-e-type=\"widget\" data-widget_type=\"icon-box.default\">\n\t\t\t\t<div class=\"elementor-widget-container\">\n\t\t\t\t\t\t\t<div class=\"elementor-icon-box-wrapper\">\n\n\t\t\t\t\t\t<div class=\"elementor-icon-box-icon\">\n\t\t\t\t<span  class=\"elementor-icon\">\n\t\t\t\t<svg aria-hidden=\"true\" class=\"e-font-icon-svg e-fas-long-arrow-alt-right\" viewBox=\"0 0 448 512\" xmlns=\"http:\/\/www.w3.org\/2000\/svg\"><path d=\"M313.941 216H12c-6.627 0-12 5.373-12 12v56c0 6.627 5.373 12 12 12h301.941v46.059c0 21.382 25.851 32.09 40.971 16.971l86.059-86.059c9.373-9.373 9.373-24.569 0-33.941l-86.059-86.059c-15.119-15.119-40.971-4.411-40.971 16.971V216z\"><\/path><\/svg>\t\t\t\t<\/span>\n\t\t\t<\/div>\n\t\t\t\n\t\t\t\t\t\t<div class=\"elementor-icon-box-content\">\n\n\t\t\t\t\n\t\t\t\t\t\t\t\t\t<p class=\"elementor-icon-box-description\">\n\t\t\t\t\t\tMoto avec assurance de responsabilit\u00e9 civile\t\t\t\t\t<\/p>\n\t\t\t\t\n\t\t\t<\/div>\n\t\t\t\n\t\t<\/div>\n\t\t\t\t\t\t<\/div>\n\t\t\t\t<\/div>\n\t\t\t\t<div class=\"elementor-element elementor-element-d4cb655 elementor-position-inline-start elementor-mobile-position-inline-start elementor-view-default elementor-widget elementor-widget-icon-box\" data-id=\"d4cb655\" data-element_type=\"widget\" data-e-type=\"widget\" data-widget_type=\"icon-box.default\">\n\t\t\t\t<div class=\"elementor-widget-container\">\n\t\t\t\t\t\t\t<div class=\"elementor-icon-box-wrapper\">\n\n\t\t\t\t\t\t<div class=\"elementor-icon-box-icon\">\n\t\t\t\t<span  class=\"elementor-icon\">\n\t\t\t\t<svg aria-hidden=\"true\" class=\"e-font-icon-svg e-fas-long-arrow-alt-right\" viewBox=\"0 0 448 512\" xmlns=\"http:\/\/www.w3.org\/2000\/svg\"><path d=\"M313.941 216H12c-6.627 0-12 5.373-12 12v56c0 6.627 5.373 12 12 12h301.941v46.059c0 21.382 25.851 32.09 40.971 16.971l86.059-86.059c9.373-9.373 9.373-24.569 0-33.941l-86.059-86.059c-15.119-15.119-40.971-4.411-40.971 16.971V216z\"><\/path><\/svg>\t\t\t\t<\/span>\n\t\t\t<\/div>\n\t\t\t\n\t\t\t\t\t\t<div class=\"elementor-icon-box-content\">\n\n\t\t\t\t\n\t\t\t\t\t\t\t\t\t<p class=\"elementor-icon-box-description\">\n\t\t\t\t\t\tKilom\u00e9trage limit\u00e9 ou illimit\u00e9 (selon le forfait)\t\t\t\t\t<\/p>\n\t\t\t\t\n\t\t\t<\/div>\n\t\t\t\n\t\t<\/div>\n\t\t\t\t\t\t<\/div>\n\t\t\t\t<\/div>\n\t\t\t\t<div class=\"elementor-element elementor-element-2b9e9d2 elementor-position-inline-start elementor-mobile-position-inline-start elementor-view-default elementor-widget elementor-widget-icon-box\" data-id=\"2b9e9d2\" data-element_type=\"widget\" data-e-type=\"widget\" data-widget_type=\"icon-box.default\">\n\t\t\t\t<div class=\"elementor-widget-container\">\n\t\t\t\t\t\t\t<div class=\"elementor-icon-box-wrapper\">\n\n\t\t\t\t\t\t<div class=\"elementor-icon-box-icon\">\n\t\t\t\t<span  class=\"elementor-icon\">\n\t\t\t\t<svg aria-hidden=\"true\" class=\"e-font-icon-svg e-fas-long-arrow-alt-right\" viewBox=\"0 0 448 512\" xmlns=\"http:\/\/www.w3.org\/2000\/svg\"><path d=\"M313.941 216H12c-6.627 0-12 5.373-12 12v56c0 6.627 5.373 12 12 12h301.941v46.059c0 21.382 25.851 32.09 40.971 16.971l86.059-86.059c9.373-9.373 9.373-24.569 0-33.941l-86.059-86.059c-15.119-15.119-40.971-4.411-40.971 16.971V216z\"><\/path><\/svg>\t\t\t\t<\/span>\n\t\t\t<\/div>\n\t\t\t\n\t\t\t\t\t\t<div class=\"elementor-icon-box-content\">\n\n\t\t\t\t\n\t\t\t\t\t\t\t\t\t<p class=\"elementor-icon-box-description\">\n\t\t\t\t\t\tAssistance routi\u00e8re 24\/7\t\t\t\t\t<\/p>\n\t\t\t\t\n\t\t\t<\/div>\n\t\t\t\n\t\t<\/div>\n\t\t\t\t\t\t<\/div>\n\t\t\t\t<\/div>\n\t\t\t\t<div class=\"elementor-element elementor-element-d5f2d63 elementor-position-inline-start elementor-mobile-position-inline-start elementor-view-default elementor-widget elementor-widget-icon-box\" data-id=\"d5f2d63\" data-element_type=\"widget\" data-e-type=\"widget\" data-widget_type=\"icon-box.default\">\n\t\t\t\t<div class=\"elementor-widget-container\">\n\t\t\t\t\t\t\t<div class=\"elementor-icon-box-wrapper\">\n\n\t\t\t\t\t\t<div class=\"elementor-icon-box-icon\">\n\t\t\t\t<span  class=\"elementor-icon\">\n\t\t\t\t<svg aria-hidden=\"true\" class=\"e-font-icon-svg e-fas-long-arrow-alt-right\" viewBox=\"0 0 448 512\" xmlns=\"http:\/\/www.w3.org\/2000\/svg\"><path d=\"M313.941 216H12c-6.627 0-12 5.373-12 12v56c0 6.627 5.373 12 12 12h301.941v46.059c0 21.382 25.851 32.09 40.971 16.971l86.059-86.059c9.373-9.373 9.373-24.569 0-33.941l-86.059-86.059c-15.119-15.119-40.971-4.411-40.971 16.971V216z\"><\/path><\/svg>\t\t\t\t<\/span>\n\t\t\t<\/div>\n\t\t\t\n\t\t\t\t\t\t<div class=\"elementor-icon-box-content\">\n\n\t\t\t\t\n\t\t\t\t\t\t\t\t\t<p class=\"elementor-icon-box-description\">\n\t\t\t\t\t\t1 casque (mod\u00e8le homologu\u00e9)\t\t\t\t\t<\/p>\n\t\t\t\t\n\t\t\t<\/div>\n\t\t\t\n\t\t<\/div>\n\t\t\t\t\t\t<\/div>\n\t\t\t\t<\/div>\n\t\t\t\t<div class=\"elementor-element elementor-element-50d2a6b elementor-position-inline-start elementor-mobile-position-inline-start elementor-view-default elementor-widget elementor-widget-icon-box\" data-id=\"50d2a6b\" data-element_type=\"widget\" data-e-type=\"widget\" data-widget_type=\"icon-box.default\">\n\t\t\t\t<div class=\"elementor-widget-container\">\n\t\t\t\t\t\t\t<div class=\"elementor-icon-box-wrapper\">\n\n\t\t\t\t\t\t<div class=\"elementor-icon-box-icon\">\n\t\t\t\t<span  class=\"elementor-icon\">\n\t\t\t\t<svg aria-hidden=\"true\" class=\"e-font-icon-svg e-fas-long-arrow-alt-right\" viewBox=\"0 0 448 512\" xmlns=\"http:\/\/www.w3.org\/2000\/svg\"><path d=\"M313.941 216H12c-6.627 0-12 5.373-12 12v56c0 6.627 5.373 12 12 12h301.941v46.059c0 21.382 25.851 32.09 40.971 16.971l86.059-86.059c9.373-9.373 9.373-24.569 0-33.941l-86.059-86.059c-15.119-15.119-40.971-4.411-40.971 16.971V216z\"><\/path><\/svg>\t\t\t\t<\/span>\n\t\t\t<\/div>\n\t\t\t\n\t\t\t\t\t\t<div class=\"elementor-icon-box-content\">\n\n\t\t\t\t\n\t\t\t\t\t\t\t\t\t<p class=\"elementor-icon-box-description\">\n\t\t\t\t\t\tDes extras comme un top case, un deuxi\u00e8me casque ou un GPS peuvent \u00eatre ajout\u00e9s lors de la r\u00e9servation.\t\t\t\t\t<\/p>\n\t\t\t\t\n\t\t\t<\/div>\n\t\t\t\n\t\t<\/div>\n\t\t\t\t\t\t<\/div>\n\t\t\t\t<\/div>\n\t\t\t\t<\/div>\n\t\t\t\t\t<\/div>\n\t\t\t\t<\/div>\n\t\t<div class=\"elementor-element elementor-element-6e16d3e e-flex e-con-boxed e-con e-parent\" data-id=\"6e16d3e\" data-element_type=\"container\" data-e-type=\"container\" data-settings=\"{&quot;jet_parallax_layout_list&quot;:[]}\">\n\t\t\t\t\t<div class=\"e-con-inner\">\n\t\t<div class=\"elementor-element elementor-element-ef06faa e-con-full e-flex e-con e-child\" data-id=\"ef06faa\" data-element_type=\"container\" data-e-type=\"container\" data-settings=\"{&quot;jet_parallax_layout_list&quot;:[]}\">\n\t\t\t\t<div class=\"elementor-element elementor-element-abf60a5 elementor-widget elementor-widget-heading\" data-id=\"abf60a5\" data-element_type=\"widget\" data-e-type=\"widget\" data-widget_type=\"heading.default\">\n\t\t\t\t<div class=\"elementor-widget-container\">\n\t\t\t\t\t<h2 class=\"elementor-heading-title elementor-size-default\">Quels sont les pr\u00e9requis pour louer une moto ?<\/h2>\t\t\t\t<\/div>\n\t\t\t\t<\/div>\n\t\t\t\t<\/div>\n\t\t<div class=\"elementor-element elementor-element-11461ca e-con-full e-flex e-con e-child\" data-id=\"11461ca\" data-element_type=\"container\" data-e-type=\"container\" data-settings=\"{&quot;jet_parallax_layout_list&quot;:[]}\">\n\t\t\t\t<div class=\"elementor-element elementor-element-ac72992 elementor-widget elementor-widget-text-editor\" data-id=\"ac72992\" data-element_type=\"widget\" data-e-type=\"widget\" data-widget_type=\"text-editor.default\">\n\t\t\t\t<div class=\"elementor-widget-container\">\n\t\t\t\t\t\t\t\t\t<p>Vous devez avoir :<\/p><ul><li><p>Plus de 19 ans ;<\/p><\/li><li><p>Un permis de conduire valide et adapt\u00e9 \u00e0 la cylindr\u00e9e de la moto, obtenu depuis au moins un an ;<\/p><\/li><li><p>Un document d&rsquo;identification valide (carte d&rsquo;identit\u00e9 ou passeport) ;<\/p><\/li><li><p>Une carte de cr\u00e9dit pour la caution (obligatoire).<\/p><\/li><\/ul>\t\t\t\t\t\t\t\t<\/div>\n\t\t\t\t<\/div>\n\t\t\t\t<\/div>\n\t\t\t\t\t<\/div>\n\t\t\t\t<\/div>\n\t\t\t\t<\/div>\n\t\t","protected":false},"excerpt":{"rendered":"<p>Comment \u00e7a marche Quels sont les pr\u00e9requis pour louer une moto ? Louer une moto avec Europcar Bikes est simple, rapide et 100 % en ligne. Il suffit de suivre ces \u00e9tapes : Choisissez le mod\u00e8le de moto qui convient le mieux \u00e0 votre voyage. Nous avons plusieurs options, des plus urbaines aux plus aventureuses. [&hellip;]<\/p>\n","protected":false},"author":1,"featured_media":0,"parent":0,"menu_order":0,"comment_status":"closed","ping_status":"closed","template":"full-width.php","meta":{"_acf_changed":false,"footnotes":""},"class_list":["post-3898","page","type-page","status-publish","hentry"],"acf":[],"yoast_head":"<!-- This site is optimized with the Yoast SEO plugin v27.5 - https:\/\/yoast.com\/product\/yoast-seo-wordpress\/ -->\n<title>Comment \u00e7a marche - Europcarbikes<\/title>\n<meta name=\"robots\" content=\"index, follow, max-snippet:-1, max-image-preview:large, max-video-preview:-1\" \/>\n<link rel=\"canonical\" href=\"https:\/\/www.europcarbikes.com\/fr\/comment-ca-marche\/\" \/>\n<meta property=\"og:locale\" content=\"fr_FR\" \/>\n<meta property=\"og:type\" content=\"article\" \/>\n<meta property=\"og:title\" content=\"Comment \u00e7a marche - Europcarbikes\" \/>\n<meta property=\"og:description\" content=\"Comment \u00e7a marche Quels sont les pr\u00e9requis pour louer une moto ? Louer une moto avec Europcar Bikes est simple, rapide et 100 % en ligne. Il suffit de suivre ces \u00e9tapes : Choisissez le mod\u00e8le de moto qui convient le mieux \u00e0 votre voyage. Nous avons plusieurs options, des plus urbaines aux plus aventureuses. [&hellip;]\" \/>\n<meta property=\"og:url\" content=\"https:\/\/www.europcarbikes.com\/fr\/comment-ca-marche\/\" \/>\n<meta property=\"og:site_name\" content=\"Europcarbikes\" \/>\n<meta property=\"article:modified_time\" content=\"2025-09-03T13:36:00+00:00\" \/>\n<meta property=\"og:image\" content=\"https:\/\/www.europcarbikes.com\/wp-content\/uploads\/2025\/03\/como-funciona.jpg\" \/>\n\t<meta property=\"og:image:width\" content=\"850\" \/>\n\t<meta property=\"og:image:height\" content=\"500\" \/>\n\t<meta property=\"og:image:type\" content=\"image\/jpeg\" \/>\n<meta name=\"twitter:card\" content=\"summary_large_image\" \/>\n<meta name=\"twitter:label1\" content=\"Dur\u00e9e de lecture estim\u00e9e\" \/>\n\t<meta name=\"twitter:data1\" content=\"2 minutes\" \/>\n<script type=\"application\/ld+json\" class=\"yoast-schema-graph\">{\"@context\":\"https:\\\/\\\/schema.org\",\"@graph\":[{\"@type\":\"WebPage\",\"@id\":\"https:\\\/\\\/www.europcarbikes.com\\\/fr\\\/comment-ca-marche\\\/\",\"url\":\"https:\\\/\\\/www.europcarbikes.com\\\/fr\\\/comment-ca-marche\\\/\",\"name\":\"Comment \u00e7a marche - Europcarbikes\",\"isPartOf\":{\"@id\":\"https:\\\/\\\/www.europcarbikes.com\\\/fr\\\/#website\"},\"primaryImageOfPage\":{\"@id\":\"https:\\\/\\\/www.europcarbikes.com\\\/fr\\\/comment-ca-marche\\\/#primaryimage\"},\"image\":{\"@id\":\"https:\\\/\\\/www.europcarbikes.com\\\/fr\\\/comment-ca-marche\\\/#primaryimage\"},\"thumbnailUrl\":\"https:\\\/\\\/www.europcarbikes.com\\\/wp-content\\\/uploads\\\/2025\\\/03\\\/como-funciona.jpg\",\"datePublished\":\"2025-03-20T11:41:50+00:00\",\"dateModified\":\"2025-09-03T13:36:00+00:00\",\"breadcrumb\":{\"@id\":\"https:\\\/\\\/www.europcarbikes.com\\\/fr\\\/comment-ca-marche\\\/#breadcrumb\"},\"inLanguage\":\"fr-FR\",\"potentialAction\":[{\"@type\":\"ReadAction\",\"target\":[\"https:\\\/\\\/www.europcarbikes.com\\\/fr\\\/comment-ca-marche\\\/\"]}]},{\"@type\":\"ImageObject\",\"inLanguage\":\"fr-FR\",\"@id\":\"https:\\\/\\\/www.europcarbikes.com\\\/fr\\\/comment-ca-marche\\\/#primaryimage\",\"url\":\"https:\\\/\\\/www.europcarbikes.com\\\/wp-content\\\/uploads\\\/2025\\\/03\\\/como-funciona.jpg\",\"contentUrl\":\"https:\\\/\\\/www.europcarbikes.com\\\/wp-content\\\/uploads\\\/2025\\\/03\\\/como-funciona.jpg\"},{\"@type\":\"BreadcrumbList\",\"@id\":\"https:\\\/\\\/www.europcarbikes.com\\\/fr\\\/comment-ca-marche\\\/#breadcrumb\",\"itemListElement\":[{\"@type\":\"ListItem\",\"position\":1,\"name\":\"Home\",\"item\":\"https:\\\/\\\/www.europcarbikes.com\\\/fr\\\/\"},{\"@type\":\"ListItem\",\"position\":2,\"name\":\"Comment \u00e7a marche\"}]},{\"@type\":\"WebSite\",\"@id\":\"https:\\\/\\\/www.europcarbikes.com\\\/fr\\\/#website\",\"url\":\"https:\\\/\\\/www.europcarbikes.com\\\/fr\\\/\",\"name\":\"Europcarbikes\",\"description\":\"As melhores motos ao melhor pre\u00e7o,\",\"publisher\":{\"@id\":\"https:\\\/\\\/www.europcarbikes.com\\\/fr\\\/#organization\"},\"potentialAction\":[{\"@type\":\"SearchAction\",\"target\":{\"@type\":\"EntryPoint\",\"urlTemplate\":\"https:\\\/\\\/www.europcarbikes.com\\\/fr\\\/?s={search_term_string}\"},\"query-input\":{\"@type\":\"PropertyValueSpecification\",\"valueRequired\":true,\"valueName\":\"search_term_string\"}}],\"inLanguage\":\"fr-FR\"},{\"@type\":\"Organization\",\"@id\":\"https:\\\/\\\/www.europcarbikes.com\\\/fr\\\/#organization\",\"name\":\"Europcarbikes\",\"url\":\"https:\\\/\\\/www.europcarbikes.com\\\/fr\\\/\",\"logo\":{\"@type\":\"ImageObject\",\"inLanguage\":\"fr-FR\",\"@id\":\"https:\\\/\\\/www.europcarbikes.com\\\/fr\\\/#\\\/schema\\\/logo\\\/image\\\/\",\"url\":\"https:\\\/\\\/www.europcarbikes.com\\\/wp-content\\\/uploads\\\/2025\\\/03\\\/cropped-Europcarbikes_favico.jpg\",\"contentUrl\":\"https:\\\/\\\/www.europcarbikes.com\\\/wp-content\\\/uploads\\\/2025\\\/03\\\/cropped-Europcarbikes_favico.jpg\",\"width\":512,\"height\":512,\"caption\":\"Europcarbikes\"},\"image\":{\"@id\":\"https:\\\/\\\/www.europcarbikes.com\\\/fr\\\/#\\\/schema\\\/logo\\\/image\\\/\"}}]}<\/script>\n<!-- \/ Yoast SEO plugin. -->","yoast_head_json":{"title":"Comment \u00e7a marche - Europcarbikes","robots":{"index":"index","follow":"follow","max-snippet":"max-snippet:-1","max-image-preview":"max-image-preview:large","max-video-preview":"max-video-preview:-1"},"canonical":"https:\/\/www.europcarbikes.com\/fr\/comment-ca-marche\/","og_locale":"fr_FR","og_type":"article","og_title":"Comment \u00e7a marche - Europcarbikes","og_description":"Comment \u00e7a marche Quels sont les pr\u00e9requis pour louer une moto ? Louer une moto avec Europcar Bikes est simple, rapide et 100 % en ligne. Il suffit de suivre ces \u00e9tapes : Choisissez le mod\u00e8le de moto qui convient le mieux \u00e0 votre voyage. Nous avons plusieurs options, des plus urbaines aux plus aventureuses. [&hellip;]","og_url":"https:\/\/www.europcarbikes.com\/fr\/comment-ca-marche\/","og_site_name":"Europcarbikes","article_modified_time":"2025-09-03T13:36:00+00:00","og_image":[{"width":850,"height":500,"url":"https:\/\/www.europcarbikes.com\/wp-content\/uploads\/2025\/03\/como-funciona.jpg","type":"image\/jpeg"}],"twitter_card":"summary_large_image","twitter_misc":{"Dur\u00e9e de lecture estim\u00e9e":"2 minutes"},"schema":{"@context":"https:\/\/schema.org","@graph":[{"@type":"WebPage","@id":"https:\/\/www.europcarbikes.com\/fr\/comment-ca-marche\/","url":"https:\/\/www.europcarbikes.com\/fr\/comment-ca-marche\/","name":"Comment \u00e7a marche - Europcarbikes","isPartOf":{"@id":"https:\/\/www.europcarbikes.com\/fr\/#website"},"primaryImageOfPage":{"@id":"https:\/\/www.europcarbikes.com\/fr\/comment-ca-marche\/#primaryimage"},"image":{"@id":"https:\/\/www.europcarbikes.com\/fr\/comment-ca-marche\/#primaryimage"},"thumbnailUrl":"https:\/\/www.europcarbikes.com\/wp-content\/uploads\/2025\/03\/como-funciona.jpg","datePublished":"2025-03-20T11:41:50+00:00","dateModified":"2025-09-03T13:36:00+00:00","breadcrumb":{"@id":"https:\/\/www.europcarbikes.com\/fr\/comment-ca-marche\/#breadcrumb"},"inLanguage":"fr-FR","potentialAction":[{"@type":"ReadAction","target":["https:\/\/www.europcarbikes.com\/fr\/comment-ca-marche\/"]}]},{"@type":"ImageObject","inLanguage":"fr-FR","@id":"https:\/\/www.europcarbikes.com\/fr\/comment-ca-marche\/#primaryimage","url":"https:\/\/www.europcarbikes.com\/wp-content\/uploads\/2025\/03\/como-funciona.jpg","contentUrl":"https:\/\/www.europcarbikes.com\/wp-content\/uploads\/2025\/03\/como-funciona.jpg"},{"@type":"BreadcrumbList","@id":"https:\/\/www.europcarbikes.com\/fr\/comment-ca-marche\/#breadcrumb","itemListElement":[{"@type":"ListItem","position":1,"name":"Home","item":"https:\/\/www.europcarbikes.com\/fr\/"},{"@type":"ListItem","position":2,"name":"Comment \u00e7a marche"}]},{"@type":"WebSite","@id":"https:\/\/www.europcarbikes.com\/fr\/#website","url":"https:\/\/www.europcarbikes.com\/fr\/","name":"Europcarbikes","description":"As melhores motos ao melhor pre\u00e7o,","publisher":{"@id":"https:\/\/www.europcarbikes.com\/fr\/#organization"},"potentialAction":[{"@type":"SearchAction","target":{"@type":"EntryPoint","urlTemplate":"https:\/\/www.europcarbikes.com\/fr\/?s={search_term_string}"},"query-input":{"@type":"PropertyValueSpecification","valueRequired":true,"valueName":"search_term_string"}}],"inLanguage":"fr-FR"},{"@type":"Organization","@id":"https:\/\/www.europcarbikes.com\/fr\/#organization","name":"Europcarbikes","url":"https:\/\/www.europcarbikes.com\/fr\/","logo":{"@type":"ImageObject","inLanguage":"fr-FR","@id":"https:\/\/www.europcarbikes.com\/fr\/#\/schema\/logo\/image\/","url":"https:\/\/www.europcarbikes.com\/wp-content\/uploads\/2025\/03\/cropped-Europcarbikes_favico.jpg","contentUrl":"https:\/\/www.europcarbikes.com\/wp-content\/uploads\/2025\/03\/cropped-Europcarbikes_favico.jpg","width":512,"height":512,"caption":"Europcarbikes"},"image":{"@id":"https:\/\/www.europcarbikes.com\/fr\/#\/schema\/logo\/image\/"}}]}},"_links":{"self":[{"href":"https:\/\/www.europcarbikes.com\/fr\/wp-json\/wp\/v2\/pages\/3898","targetHints":{"allow":["GET"]}}],"collection":[{"href":"https:\/\/www.europcarbikes.com\/fr\/wp-json\/wp\/v2\/pages"}],"about":[{"href":"https:\/\/www.europcarbikes.com\/fr\/wp-json\/wp\/v2\/types\/page"}],"author":[{"embeddable":true,"href":"https:\/\/www.europcarbikes.com\/fr\/wp-json\/wp\/v2\/users\/1"}],"replies":[{"embeddable":true,"href":"https:\/\/www.europcarbikes.com\/fr\/wp-json\/wp\/v2\/comments?post=3898"}],"version-history":[{"count":4,"href":"https:\/\/www.europcarbikes.com\/fr\/wp-json\/wp\/v2\/pages\/3898\/revisions"}],"predecessor-version":[{"id":4134,"href":"https:\/\/www.europcarbikes.com\/fr\/wp-json\/wp\/v2\/pages\/3898\/revisions\/4134"}],"wp:attachment":[{"href":"https:\/\/www.europcarbikes.com\/fr\/wp-json\/wp\/v2\/media?parent=3898"}],"curies":[{"name":"wp","href":"https:\/\/api.w.org\/{rel}","templated":true}]}}